{"id":2,"date":"2017-11-29T21:07:15","date_gmt":"2017-11-29T20:07:15","guid":{"rendered":"http:\/\/www.eco-life.fr\/?page_id=2"},"modified":"2022-12-15T16:28:00","modified_gmt":"2022-12-15T15:28:00","slug":"page-d-exemple","status":"publish","type":"page","link":"https:\/\/www.eco-life.fr\/","title":{"rendered":"Bienvenue sur Eco-Life.fr"},"content":{"rendered":"<p><img loading=\"lazy\" class=\"alignnone  wp-image-216\" src=\"https:\/\/www.eco-life.fr\/wp-content\/uploads\/2022\/07\/logo-ecolife-300x157.jpg\" alt=\"logo eco life\" width=\"441\" height=\"231\" srcset=\"https:\/\/www.eco-life.fr\/wp-content\/uploads\/2022\/07\/logo-ecolife-300x157.jpg 300w, https:\/\/www.eco-life.fr\/wp-content\/uploads\/2022\/07\/logo-ecolife.jpg 400w\" sizes=\"(max-width: 441px) 100vw, 441px\" \/><\/p>\n<p><span class=\"Style1\">L&rsquo;\u00e9cologie n&rsquo;est plus le monopole des \u00e9cologistes. Chacun a maintenant bien compris et int\u00e9gr\u00e9 le fait que nous vivons tous dans un environnement dont la finitude est de plus en plus \u00e9vidente.<br>L&rsquo;\u00e9poque des carburants fossiles et du gaspillage des ressources se termine et un nouveau mode de vie, plus sobre et respectueux de notre biosph\u00e8re, s&rsquo;av\u00e8re non seulement n\u00e9cessaire mais aussi in\u00e9vitable.<\/span><\/p>\n<p>La r\u00e9volution industrielle verte reste \u00e0 faire, mais des initiatives sont en cours de d\u00e9veloppement partout dans le monde, et il faut se pr\u00e9parer \u00e0 leur convergence. Ce r\u00e9seau horizontal de production et de distribution \u00e0 partir d&rsquo;\u00e9nergie renouvelable et de mat\u00e9riaux recyclables avance \u00e0 grand pas et devrait remplacer le mode de production actuel dans les 10 ans.<\/p>\n<p>En attendant cette convergence, chacun d&rsquo;entre nous peut am\u00e9liorer son mode de vie et r\u00e9duire l&rsquo;impact \u00e9cologique qu&rsquo;il engendre. Le but de ce site est de r\u00e9pertorier les acteurs et les informations permettant \u00e0 un individu d&rsquo;optimiser sa consommation (ou d&rsquo;en \u00e9viter une partie) que ce soit au niveau \u00e9nerg\u00e9tique, alimentaire et autres secteurs de l&rsquo;\u00e9conomie.<\/p>\n<p>Une s\u00e9lection d&rsquo;articles et de sites qui vous permettront de trouver des informations utiles et des produits intelligents pour mener une vie \u00e9cologique dans une \u00e9conomie durable.<\/p>\n\n\n<h2>A la une<\/h2>\n\n\n\n<p><a href=\"https:\/\/www.eco-life.fr\/index.php\/2022\/02\/12\/la-renovation-energetique-un-engagement-environnemental\/\">La r\u00e9novation \u00e9nerg\u00e9tique : un engagement environnemental<\/a> :  Un article sur l&rsquo;enjeu environnemental de la r\u00e9novation \u00e9nerg\u00e9tique et sur les 6 actions \u00e0 mener pour faire baisser l&rsquo;impact carbone du secteur du b\u00e2timent.<br><br><a href=\"https:\/\/www.eco-life.fr\/index.php\/2019\/06\/12\/la-dematerialisation-outil-de-transition-numerique-et-de-transition-ecologique\/\">La d\u00e9mat\u00e9rialisation : outil de transition num\u00e9rique et de transition \u00e9cologique<\/a> :  Comment la digitalisation peut nous aider \u00e0 relever les d\u00e9fis \u00e9cologiques.<br><br><a href=\"https:\/\/www.eco-life.fr\/index.php\/2019\/06\/24\/les-systemes-autonomes-de-traitement-des-eaux-usees\/\">Les syst\u00e8mes autonomes de traitement des eaux us\u00e9es<\/a> : Pr\u00e9sentation des dispositifs permettant l&rsquo;assainissement non collectif des eaux us\u00e9es, souvent utilis\u00e9s en milieu rural.<\/p>\n\n\n\n<h2>L&rsquo;astuce du mois: le timbre vert<\/h2>\n\n\n\n<p>Il existe des centaines de petits gestes du quotidien, qui, mis bout \u00e0 bout, peuvent avoir un impact positif sur l&rsquo;environnement. Nous donnerons ici quelques astuces \u00e9cologiques tr\u00e8s simples \u00e0 r\u00e9aliser.<br><br>Pour vos envois de courriers, privil\u00e9gier le <a href=\"https:\/\/tarifs-postaux.fr\"><strong>timbre vert<\/strong><\/a> vous fera \u00e9conomiser de l&rsquo;argent (celui-ci est \u00e0 1.16 \u20ac contre 1.49 \u20ac pour la e-lettre rouge, soit une \u00e9conomie de 33 centimes). Mais surtout, vous aurez l&rsquo;assurance que votre lettre sera envoy\u00e9e par des moyens plus respectueux de l&rsquo;environnement, en \u00e9vitant notamment l&rsquo;avion. La dur\u00e9e d&rsquo;acheminement est de 3 jours au lieu de deux pour la lettre prioritaire, donc, \u00e0 moins d&rsquo;une urgence, prenez l&rsquo;habitude de choisir ce timbre vert.<\/p>\n","protected":false},"excerpt":{"rendered":"<p>L&rsquo;\u00e9cologie n&rsquo;est plus le monopole des \u00e9cologistes. Chacun a maintenant bien compris et int\u00e9gr\u00e9 le fait que nous vivons tous dans un environnement dont la finitude est de plus en plus \u00e9vidente.L&rsquo;\u00e9poque des carburants fossiles et du gaspillage des ressources &hellip; <a href=\"https:\/\/www.eco-life.fr\/\" class=\"excerpt-more-link\">Lire la suite&#8230; <span class=\"meta-nav\">&rarr;<\/span><\/a><\/p>\n","protected":false},"author":1,"featured_media":0,"parent":0,"menu_order":0,"comment_status":"closed","ping_status":"open","template":"","meta":[],"yoast_head":"<!-- This site is optimized with the Yoast SEO plugin v16.2 - https:\/\/yoast.com\/wordpress\/plugins\/seo\/ -->\n<meta name=\"description\" content=\"Le blog Eco-life est d\u00e9di\u00e9 \u00e0 l&#039;\u00e9cologie et \u00e0 l&#039;environnement et propose des articles sur l&#039;actualit\u00e9 de l&#039;\u00e9conomie verte.\" \/>\n<meta name=\"robots\" content=\"index, follow, max-snippet:-1, max-image-preview:large, max-video-preview:-1\" \/>\n<link rel=\"canonical\" href=\"https:\/\/www.eco-life.fr\/\" \/>\n<meta property=\"og:locale\" content=\"fr_FR\" \/>\n<meta property=\"og:type\" content=\"article\" \/>\n<meta property=\"og:title\" content=\"Bienvenue sur Eco-Life.fr - Le blog \u00e9cologique\" \/>\n<meta property=\"og:description\" content=\"Le blog Eco-life est d\u00e9di\u00e9 \u00e0 l&#039;\u00e9cologie et \u00e0 l&#039;environnement et propose des articles sur l&#039;actualit\u00e9 de l&#039;\u00e9conomie verte.\" \/>\n<meta property=\"og:url\" content=\"https:\/\/www.eco-life.fr\/\" \/>\n<meta property=\"og:site_name\" content=\"Eco-Life.fr\" \/>\n<meta property=\"article:modified_time\" content=\"2022-12-15T15:28:00+00:00\" \/>\n<meta property=\"og:image\" content=\"https:\/\/www.eco-life.fr\/wp-content\/uploads\/2022\/07\/logo-ecolife-300x157.jpg\" \/>\n<meta name=\"twitter:card\" content=\"summary_large_image\" \/>\n<meta name=\"twitter:label1\" content=\"Dur\u00e9e de lecture est.\">\n\t<meta name=\"twitter:data1\" content=\"2 minutes\">\n<script type=\"application\/ld+json\" class=\"yoast-schema-graph\">{\"@context\":\"https:\/\/schema.org\",\"@graph\":[{\"@type\":\"WebSite\",\"@id\":\"https:\/\/www.eco-life.fr\/#website\",\"url\":\"https:\/\/www.eco-life.fr\/\",\"name\":\"Eco-Life.fr\",\"description\":\"Le blog de la vie \\u00e9cologique\",\"potentialAction\":[{\"@type\":\"SearchAction\",\"target\":\"https:\/\/www.eco-life.fr\/?s={search_term_string}\",\"query-input\":\"required name=search_term_string\"}],\"inLanguage\":\"fr-FR\"},{\"@type\":\"ImageObject\",\"@id\":\"https:\/\/www.eco-life.fr\/#primaryimage\",\"inLanguage\":\"fr-FR\",\"url\":\"https:\/\/www.eco-life.fr\/wp-content\/uploads\/2022\/07\/logo-ecolife.jpg\",\"contentUrl\":\"https:\/\/www.eco-life.fr\/wp-content\/uploads\/2022\/07\/logo-ecolife.jpg\",\"width\":400,\"height\":209,\"caption\":\"logo eco life\"},{\"@type\":\"WebPage\",\"@id\":\"https:\/\/www.eco-life.fr\/#webpage\",\"url\":\"https:\/\/www.eco-life.fr\/\",\"name\":\"Bienvenue sur Eco-Life.fr - Le blog \\u00e9cologique\",\"isPartOf\":{\"@id\":\"https:\/\/www.eco-life.fr\/#website\"},\"primaryImageOfPage\":{\"@id\":\"https:\/\/www.eco-life.fr\/#primaryimage\"},\"datePublished\":\"2017-11-29T20:07:15+00:00\",\"dateModified\":\"2022-12-15T15:28:00+00:00\",\"description\":\"Le blog Eco-life est d\\u00e9di\\u00e9 \\u00e0 l'\\u00e9cologie et \\u00e0 l'environnement et propose des articles sur l'actualit\\u00e9 de l'\\u00e9conomie verte.\",\"breadcrumb\":{\"@id\":\"https:\/\/www.eco-life.fr\/#breadcrumb\"},\"inLanguage\":\"fr-FR\",\"potentialAction\":[{\"@type\":\"ReadAction\",\"target\":[\"https:\/\/www.eco-life.fr\/\"]}]},{\"@type\":\"BreadcrumbList\",\"@id\":\"https:\/\/www.eco-life.fr\/#breadcrumb\",\"itemListElement\":[{\"@type\":\"ListItem\",\"position\":1,\"item\":{\"@type\":\"WebPage\",\"@id\":\"https:\/\/www.eco-life.fr\/\",\"url\":\"https:\/\/www.eco-life.fr\/\",\"name\":\"Accueil\"}},{\"@type\":\"ListItem\",\"position\":2,\"item\":{\"@id\":\"https:\/\/www.eco-life.fr\/#webpage\"}}]}]}<\/script>\n<!-- \/ Yoast SEO plugin. -->","_links":{"self":[{"href":"https:\/\/www.eco-life.fr\/index.php\/wp-json\/wp\/v2\/pages\/2"}],"collection":[{"href":"https:\/\/www.eco-life.fr\/index.php\/wp-json\/wp\/v2\/pages"}],"about":[{"href":"https:\/\/www.eco-life.fr\/index.php\/wp-json\/wp\/v2\/types\/page"}],"author":[{"embeddable":true,"href":"https:\/\/www.eco-life.fr\/index.php\/wp-json\/wp\/v2\/users\/1"}],"replies":[{"embeddable":true,"href":"https:\/\/www.eco-life.fr\/index.php\/wp-json\/wp\/v2\/comments?post=2"}],"version-history":[{"count":23,"href":"https:\/\/www.eco-life.fr\/index.php\/wp-json\/wp\/v2\/pages\/2\/revisions"}],"predecessor-version":[{"id":230,"href":"https:\/\/www.eco-life.fr\/index.php\/wp-json\/wp\/v2\/pages\/2\/revisions\/230"}],"wp:attachment":[{"href":"https:\/\/www.eco-life.fr\/index.php\/wp-json\/wp\/v2\/media?parent=2"}],"curies":[{"name":"wp","href":"https:\/\/api.w.org\/{rel}","templated":true}]}}